{"id":18,"date":"2021-04-12T09:28:34","date_gmt":"2021-04-12T09:28:34","guid":{"rendered":"http:\/\/congresos-secca.com\/?page_id=18"},"modified":"2026-04-14T09:35:55","modified_gmt":"2026-04-14T09:35:55","slug":"colibri-wp","status":"publish","type":"page","link":"https:\/\/congresos-secca.com\/","title":{"rendered":"Inicio"},"content":{"rendered":"<div data-colibri-id=\"18-c1\" class=\"style-190 style-local-18-c1 position-relative\">\n  <!---->\n  <div data-colibri-component=\"section\" data-colibri-id=\"18-c2\" id=\"overlappable\" class=\"h-section h-section-global-spacing d-flex align-items-lg-center align-items-md-center align-items-center style-496 style-local-18-c2 position-relative\">\n    <!---->\n    <!---->\n    <div class=\"h-section-grid-container h-section-boxed-container\">\n      <!---->\n      <div data-colibri-id=\"18-c3\" class=\"h-row-container gutters-row-lg-2 gutters-row-md-0 gutters-row-2 gutters-row-v-lg-2 gutters-row-v-md-0 gutters-row-v-2 style-497 style-local-18-c3 position-relative\">\n        <!---->\n        <div class=\"h-row justify-content-lg-center justify-content-md-center justify-content-center align-items-lg-stretch align-items-md-stretch align-items-stretch gutters-col-lg-2 gutters-col-md-0 gutters-col-2 gutters-col-v-lg-2 gutters-col-v-md-0 gutters-col-v-2\">\n          <!---->\n          <div class=\"h-column h-column-container d-flex h-col-lg-4 h-col-md-4 h-col-12 style-498-outer style-local-18-c4-outer\">\n            <div data-colibri-id=\"18-c4\" class=\"d-flex h-flex-basis h-column__inner h-px-lg-2 h-px-md-3 h-px-2 v-inner-lg-0 v-inner-md-3 v-inner-2 style-498 style-local-18-c4 position-relative\">\n              <!---->\n              <!---->\n              <div class=\"w-100 h-y-container h-column__content h-column__v-align flex-basis-100 align-self-lg-start align-self-md-start align-self-start\">\n                <!---->\n                <div data-colibri-id=\"18-c5\" class=\"h-icon style-499 style-local-18-c5 position-relative h-element\">\n                  <!---->\n                  <a href=\"http:\/\/congresos-secca.com\/wp-content\/uploads\/2026\/04\/secca_2026_programa-2.pdf\" target=\"_blank\" rel=\"nofollow\" h-use-smooth-scroll=\"true\"><span class=\"h-svg-icon h-icon__icon style-499-icon style-local-18-c5-icon\"><!--Icon by Font Awesome (https:\/\/fontawesome.com)-->\n    <svg version=\"1.1\" xmlns=\"http:\/\/www.w3.org\/2000\/svg\" xmlns:xlink=\"http:\/\/www.w3.org\/1999\/xlink\" id=\"file-pdf-o\" viewBox=\"0 0 1611.2499 1896.0833\">\n      <path d=\"M1468 380q28 28 48 76t20 88v1152q0 40-28 68t-68 28H96q-40 0-68-28t-28-68V96q0-40 28-68T96 0h896q40 0 88 20t76 48zm-444-244v376h376q-10-29-22-41l-313-313q-12-12-41-22zm384 1528V640H992q-40 0-68-28t-28-68V128H128v1536h1280zm-514-593q33 26 84 56 59-7 117-7 147 0 177 49 16 22 2 52 0 1-1 2l-2 2v1q-6 38-71 38-48 0-115-20t-130-53q-221 24-392 83-153 262-242 262-15 0-28-7l-24-12q-1-1-6-5-10-10-6-36 9-40 56-91.5t132-96.5q14-9 23 6 2 2 2 4 52-85 107-197 68-136 104-262-24-82-30.5-159.5T657 552q11-40 42-40h22q23 0 35 15 18 21 9 68-2 6-4 8 1 3 1 8v30q-2 123-14 192 55 164 146 238zm-576 411q52-24 137-158-51 40-87.5 84t-49.5 74zm398-920q-15 42-2 132 1-7 7-44 0-3 7-43 1-4 4-8-1-1-1-2-1-2-1-3-1-22-13-36 0 1-1 2v2zm-124 661q135-54 284-81-2-1-13-9.5t-16-13.5q-76-67-127-176-27 86-83 197-30 56-45 83zm646-16q-24-24-140-24 76 28 124 28 14 0 18-1 0-1-2-3z\"><\/path>\n    <\/svg><\/span><\/a>\n                <\/div>\n                <div data-colibri-id=\"18-c6\" class=\"h-global-transition-all h-heading style-500 style-local-18-c6 position-relative h-element\">\n                  <!---->\n                  <div class=\"h-heading__outer style-500 style-local-18-c6\">\n                    <!---->\n                    <!---->\n                    <a href=\"http:\/\/congresos-secca.com\/wp-content\/uploads\/2026\/04\/secca_2026_programa-2.pdf\" target=\"_blank\" rel=\"nofollow\" h-use-smooth-scroll=\"true\">\n                      <h5 class=\"\">PROGRAMA CIENT\u00cdFICO\n                        <br>27 congreso secca<\/h5>\n                    <\/a>\n                  <\/div>\n                <\/div>\n              <\/div>\n            <\/div>\n          <\/div>\n          <div class=\"h-column h-column-container d-flex h-col-lg-4 h-col-md-4 h-col-12 style-498-outer style-local-18-c7-outer\">\n            <div data-colibri-id=\"18-c7\" class=\"d-flex h-flex-basis h-column__inner h-px-lg-2 h-px-md-3 h-px-2 v-inner-lg-0 v-inner-md-3 v-inner-2 style-498 style-local-18-c7 position-relative\">\n              <!---->\n              <!---->\n              <div class=\"w-100 h-y-container h-column__content h-column__v-align flex-basis-100 align-self-lg-start align-self-md-start align-self-start\">\n                <!---->\n                <div data-colibri-id=\"18-c8\" class=\"h-icon style-499 style-local-18-c8 position-relative h-element\">\n                  <!---->\n                  <a href=\"http:\/\/congresos-secca.com\/wp-content\/uploads\/2026\/04\/secca_2026_enfermeria_programa.pdf\" target=\"_blank\" rel=\"nofollow\" h-use-smooth-scroll=\"true\"><span class=\"h-svg-icon h-icon__icon style-499-icon style-local-18-c8-icon\"><!--Icon by Font Awesome (https:\/\/fontawesome.com)-->\n    <svg version=\"1.1\" xmlns=\"http:\/\/www.w3.org\/2000\/svg\" xmlns:xlink=\"http:\/\/www.w3.org\/1999\/xlink\" id=\"file-pdf-o\" viewBox=\"0 0 1611.2499 1896.0833\">\n      <path d=\"M1468 380q28 28 48 76t20 88v1152q0 40-28 68t-68 28H96q-40 0-68-28t-28-68V96q0-40 28-68T96 0h896q40 0 88 20t76 48zm-444-244v376h376q-10-29-22-41l-313-313q-12-12-41-22zm384 1528V640H992q-40 0-68-28t-28-68V128H128v1536h1280zm-514-593q33 26 84 56 59-7 117-7 147 0 177 49 16 22 2 52 0 1-1 2l-2 2v1q-6 38-71 38-48 0-115-20t-130-53q-221 24-392 83-153 262-242 262-15 0-28-7l-24-12q-1-1-6-5-10-10-6-36 9-40 56-91.5t132-96.5q14-9 23 6 2 2 2 4 52-85 107-197 68-136 104-262-24-82-30.5-159.5T657 552q11-40 42-40h22q23 0 35 15 18 21 9 68-2 6-4 8 1 3 1 8v30q-2 123-14 192 55 164 146 238zm-576 411q52-24 137-158-51 40-87.5 84t-49.5 74zm398-920q-15 42-2 132 1-7 7-44 0-3 7-43 1-4 4-8-1-1-1-2-1-2-1-3-1-22-13-36 0 1-1 2v2zm-124 661q135-54 284-81-2-1-13-9.5t-16-13.5q-76-67-127-176-27 86-83 197-30 56-45 83zm646-16q-24-24-140-24 76 28 124 28 14 0 18-1 0-1-2-3z\"><\/path>\n    <\/svg><\/span><\/a>\n                <\/div>\n                <div data-colibri-id=\"18-c9\" class=\"h-global-transition-all h-heading style-500 style-local-18-c9 position-relative h-element\">\n                  <!---->\n                  <div class=\"h-heading__outer style-500 style-local-18-c9\">\n                    <!---->\n                    <!---->\n                    <a href=\"http:\/\/congresos-secca.com\/wp-content\/uploads\/2026\/04\/secca_2026_enfermeria_programa.pdf\" target=\"_blank\" h-use-smooth-scroll=\"true\">\n                      <h5 class=\"\">PROGRAMA CIENT\u00cdFICO\n                        <br>I CURSO ENFERMER\u00cdA<\/h5>\n                    <\/a>\n                  <\/div>\n                <\/div>\n              <\/div>\n            <\/div>\n          <\/div>\n          <div class=\"h-column h-column-container d-flex h-col-lg-4 h-col-md-4 h-col-12 style-498-outer style-local-18-c10-outer\">\n            <div data-colibri-id=\"18-c10\" class=\"d-flex h-flex-basis h-column__inner h-px-lg-2 h-px-md-3 h-px-2 v-inner-lg-0 v-inner-md-3 v-inner-2 style-498 style-local-18-c10 position-relative\">\n              <!---->\n              <!---->\n              <div class=\"w-100 h-y-container h-column__content h-column__v-align flex-basis-100 align-self-lg-start align-self-md-start align-self-start\">\n                <!---->\n                <div data-colibri-id=\"18-c11\" class=\"h-icon style-499 style-local-18-c11 position-relative h-element\">\n                  <!---->\n                  <a href=\"http:\/\/congresos-secca.com\/wp-content\/uploads\/2026\/03\/NORMATIVA-PREMIOS-DE-27-CONGRESO-SECCA-SITGES-2026.pdf\" target=\"_blank\" rel=\"nofollow\" h-use-smooth-scroll=\"true\"><span class=\"h-svg-icon h-icon__icon style-499-icon style-local-18-c11-icon\"><!--Icon by Font Awesome (https:\/\/fontawesome.com)-->\n    <svg version=\"1.1\" xmlns=\"http:\/\/www.w3.org\/2000\/svg\" xmlns:xlink=\"http:\/\/www.w3.org\/1999\/xlink\" id=\"thumb-tack\" viewBox=\"0 0 1183.1139 1896.0833\">\n      <path d=\"M480 864V416q0-14-9-23t-23-9-23 9-9 23v448q0 14 9 23t23 9 23-9 9-23zm672 352q0 26-19 45t-45 19H659l-51 483q-2 12-10.5 20.5T577 1792h-1q-27 0-32-27l-76-485H64q-26 0-45-19t-19-45q0-123 78.5-221.5T256 896V384q-52 0-90-38t-38-90 38-90 90-38h640q52 0 90 38t38 90-38 90-90 38v512q99 0 177.5 98.5T1152 1216z\"><\/path>\n    <\/svg><\/span><\/a>\n                <\/div>\n                <div data-colibri-id=\"18-c12\" class=\"h-global-transition-all h-heading style-500 style-local-18-c12 position-relative h-element\">\n                  <!---->\n                  <div class=\"h-heading__outer style-500 style-local-18-c12\">\n                    <!---->\n                    <!---->\n                    <a href=\"http:\/\/congresos-secca.com\/wp-content\/uploads\/2026\/03\/NORMATIVA-PREMIOS-DE-27-CONGRESO-SECCA-SITGES-2026.pdf\" target=\"_blank\" rel=\"nofollow\" h-use-smooth-scroll=\"true\">\n                      <h5 class=\"\">PREMIOS<\/h5>\n                    <\/a>\n                  <\/div>\n                <\/div>\n              <\/div>\n            <\/div>\n          <\/div>\n        <\/div>\n      <\/div>\n    <\/div>\n  <\/div>\n  <div data-colibri-component=\"section\" data-colibri-id=\"18-c13\" id=\"team\" class=\"h-section h-section-global-spacing d-flex align-items-lg-center align-items-md-center align-items-center style-490 style-local-18-c13 position-relative\">\n    <!---->\n    <!---->\n    <div class=\"h-section-grid-container h-section-boxed-container\">\n      <!---->\n      <div data-colibri-id=\"18-c14\" class=\"h-row-container gutters-row-lg-2 gutters-row-md-2 gutters-row-2 gutters-row-v-lg-2 gutters-row-v-md-2 gutters-row-v-2 style-491 style-local-18-c14 position-relative\">\n        <!---->\n        <div class=\"h-row justify-content-lg-center justify-content-md-center justify-content-center align-items-lg-stretch align-items-md-stretch align-items-stretch gutters-col-lg-2 gutters-col-md-2 gutters-col-2 gutters-col-v-lg-2 gutters-col-v-md-2 gutters-col-v-2\">\n          <!---->\n          <div class=\"h-column h-column-container d-flex h-col-lg-12 h-col-md-6 h-col-12 style-492-outer style-local-18-c15-outer\">\n            <div data-colibri-id=\"18-c15\" class=\"d-flex h-flex-basis h-column__inner h-px-lg-0 h-px-md-0 h-px-0 v-inner-lg-0 v-inner-md-0 v-inner-0 style-492 style-local-18-c15 position-relative\">\n              <!---->\n              <!---->\n              <div class=\"w-100 h-y-container h-column__content h-column__v-align flex-basis-100 align-self-lg-start align-self-md-start align-self-start\">\n                <!---->\n                <div data-colibri-id=\"18-c16\" class=\"d-block style-501 style-local-18-c16 position-relative h-element\">\n                  <!---->\n                  <div class=\"h-image__frame-container-outer\">\n                    <div class=\"h-image__frame-container\">\n                      <!---->\n                      <!---->\n                      <img loading=\"lazy\" decoding=\"async\" width=\"1498\" height=\"1410\" src=\"http:\/\/congresos-secca.com\/wp-content\/uploads\/2026\/04\/Captura-de-pantalla-2026-04-14-a-les-11.30.50.png\" class=\"wp-image-6065 style-501-image style-local-18-c16-image\" alt=\"\" srcset=\"https:\/\/congresos-secca.com\/wp-content\/uploads\/2026\/04\/Captura-de-pantalla-2026-04-14-a-les-11.30.50.png 1498w, https:\/\/congresos-secca.com\/wp-content\/uploads\/2026\/04\/Captura-de-pantalla-2026-04-14-a-les-11.30.50-300x282.png 300w, https:\/\/congresos-secca.com\/wp-content\/uploads\/2026\/04\/Captura-de-pantalla-2026-04-14-a-les-11.30.50-1024x964.png 1024w, https:\/\/congresos-secca.com\/wp-content\/uploads\/2026\/04\/Captura-de-pantalla-2026-04-14-a-les-11.30.50-768x723.png 768w\" sizes=\"auto, (max-width: 1498px) 100vw, 1498px\" \/>\n                      <div class=\"h-image__frame h-hide-lg h-hide-md h-hide-sm style-501-frameImage style-local-18-c16-frameImage\"><\/div>\n                    <\/div>\n                  <\/div>\n                <\/div>\n              <\/div>\n            <\/div>\n          <\/div>\n          <div class=\"h-column h-column-container d-flex h-col-lg-12 h-col-md-6 h-col-12 style-495-outer style-local-18-c17-outer\">\n            <div data-colibri-id=\"18-c17\" class=\"d-flex h-flex-basis h-column__inner h-ui-empty-state-container h-px-lg-2 h-px-md-2 h-px-2 v-inner-lg-2 v-inner-md-2 v-inner-2 style-495 style-local-18-c17 position-relative\">\n              <!---->\n              <!---->\n              <div class=\"w-100 h-y-container h-column__content h-column__v-align flex-basis-100\">\n                <!---->\n              <\/div>\n            <\/div>\n          <\/div>\n        <\/div>\n      <\/div>\n    <\/div>\n  <\/div>\n  <div data-colibri-component=\"section\" data-colibri-id=\"18-c18\" id=\"about\" class=\"h-section h-section-global-spacing d-flex align-items-lg-center align-items-md-center align-items-center style-480 style-local-18-c18 position-relative\">\n    <!---->\n    <!---->\n    <div class=\"h-section-grid-container h-section-boxed-container\">\n      <!---->\n      <div data-colibri-id=\"18-c19\" class=\"h-row-container gutters-row-lg-2 gutters-row-md-2 gutters-row-2 gutters-row-v-lg-2 gutters-row-v-md-2 gutters-row-v-2 style-481 style-local-18-c19 position-relative\">\n        <!---->\n        <div class=\"h-row justify-content-lg-center justify-content-md-center justify-content-center align-items-lg-stretch align-items-md-stretch align-items-stretch gutters-col-lg-2 gutters-col-md-2 gutters-col-2 gutters-col-v-lg-2 gutters-col-v-md-2 gutters-col-v-2\">\n          <!---->\n          <div class=\"h-column h-column-container d-flex h-col-lg-auto h-col-md-auto h-col-auto style-482-outer style-local-18-c20-outer\">\n            <div data-colibri-id=\"18-c20\" class=\"d-flex h-flex-basis h-column__inner h-px-lg-2 h-px-md-2 h-px-2 v-inner-lg-2 v-inner-md-2 v-inner-2 style-482 style-local-18-c20 position-relative\">\n              <!---->\n              <!---->\n              <div class=\"w-100 h-y-container h-column__content h-column__v-align flex-basis-100 align-self-lg-center align-self-md-center align-self-center\">\n                <!---->\n                <div data-colibri-id=\"18-c21\" class=\"h-global-transition-all h-heading style-483 style-local-18-c21 position-relative h-element\">\n                  <!---->\n                  <div class=\"h-heading__outer style-483 style-local-18-c21\">\n                    <!---->\n                    <!---->\n                    <h5 class=\"\">SEDE DEL CONGRESO<\/h5>\n                  <\/div>\n                <\/div>\n                <div data-colibri-id=\"18-c22\" class=\"h-global-transition-all h-heading style-484 style-local-18-c22 position-relative h-element\">\n                  <!---->\n                  <div class=\"h-heading__outer style-484 style-local-18-c22\">\n                    <!---->\n                    <!---->\n                    <h2 class=\"\">Meli\u00e1&nbsp;<em style=\"font-family: &quot;Playfair Display&quot;; color: rgb(247, 144, 7);\">Sitges<\/em><\/h2>\n                  <\/div>\n                <\/div>\n                <div data-colibri-id=\"18-c23\" class=\"h-text h-text-component style-485 style-local-18-c23 position-relative h-element\">\n                  <!---->\n                  <!---->\n                  <div class=\"\">\n                    <p>Calle de Joan Salvat Papasseit, 38 &#8211; Sitges \u2022 Barcelona<\/p>\n                  <\/div>\n                <\/div>\n                <div data-colibri-id=\"18-c24\" class=\"h-x-container style-486 style-local-18-c24 position-relative h-element\">\n                  <!---->\n                  <div class=\"h-x-container-inner style-dynamic-18-c24-group style-486-spacing style-local-18-c24-spacing\"><span class=\"h-button__outer style-487-outer style-local-18-c25-outer d-inline-flex h-element\"><a h-use-smooth-scroll=\"true\" href=\"https:\/\/www.melia.com\/es\/hoteles\/espana\/sitges\/melia-sitges\/reuniones\" target=\"_blank\"  data-colibri-id=\"18-c25\" class=\"d-flex w-100 align-items-center h-button justify-content-lg-center justify-content-md-center justify-content-center style-487 style-local-18-c25 position-relative\"><!----><!----> <span>M\u00e1s informaci\u00f3n<\/span><\/a>\n                    <\/span>\n                  <\/div>\n                <\/div>\n              <\/div>\n            <\/div>\n          <\/div>\n          <div class=\"h-column h-column-container d-flex h-col-lg-auto h-col-md-auto h-col-auto style-488-outer style-local-18-c26-outer\">\n            <div data-colibri-id=\"18-c26\" class=\"d-flex h-flex-basis h-column__inner h-px-lg-2 h-px-md-2 h-px-2 v-inner-lg-2 v-inner-md-2 v-inner-2 style-488 style-local-18-c26 position-relative\">\n              <!---->\n              <!---->\n              <div class=\"w-100 h-y-container h-column__content h-column__v-align flex-basis-100 align-self-lg-center align-self-md-center align-self-center\">\n                <!---->\n                <div data-colibri-id=\"18-c27\" class=\"d-block style-489 style-local-18-c27 position-relative h-element\">\n                  <!---->\n                  <div class=\"h-image__frame-container-outer\">\n                    <div class=\"h-image__frame-container\">\n                      <!---->\n                      <!---->\n                      <img loading=\"lazy\" decoding=\"async\" width=\"1200\" height=\"675\" src=\"http:\/\/congresos-secca.com\/wp-content\/uploads\/2025\/07\/jmir3.jpg\" class=\"wp-image-5250 style-489-image style-local-18-c27-image\" alt=\"\" srcset=\"https:\/\/congresos-secca.com\/wp-content\/uploads\/2025\/07\/jmir3.jpg 1200w, https:\/\/congresos-secca.com\/wp-content\/uploads\/2025\/07\/jmir3-300x169.jpg 300w, https:\/\/congresos-secca.com\/wp-content\/uploads\/2025\/07\/jmir3-1024x576.jpg 1024w, https:\/\/congresos-secca.com\/wp-content\/uploads\/2025\/07\/jmir3-768x432.jpg 768w\" sizes=\"auto, (max-width: 1200px) 100vw, 1200px\" \/>\n                      <div class=\"h-image__frame h-hide-sm style-489-frameImage style-local-18-c27-frameImage\"><\/div>\n                    <\/div>\n                  <\/div>\n                <\/div>\n              <\/div>\n            <\/div>\n          <\/div>\n        <\/div>\n      <\/div>\n    <\/div>\n  <\/div>\n  <div data-colibri-component=\"section\" data-colibri-id=\"18-c28\" id=\"contact\" class=\"h-section h-section-global-spacing d-flex align-items-lg-center align-items-md-center align-items-center style-323 style-local-18-c28 position-relative\">\n    <div class=\"background-wrapper\">\n      <div class=\"background-layer background-layer-media-container-lg\">\n        <!---->\n        <div class=\"overlay-layer\">\n          <div class=\"overlay-image-layer\" style=\"background-color: rgb(23, 37, 42); opacity: 0.5;\"><\/div>\n        <\/div>\n      <\/div>\n      <div class=\"background-layer background-layer-media-container-md\">\n        <!---->\n        <div class=\"overlay-layer\">\n          <div class=\"overlay-image-layer\" style=\"background-color: rgb(23, 37, 42); opacity: 0.5;\"><\/div>\n        <\/div>\n      <\/div>\n      <div class=\"background-layer background-layer-media-container\">\n        <!---->\n        <div class=\"overlay-layer\">\n          <div class=\"overlay-image-layer\" style=\"background-color: rgb(23, 37, 42); opacity: 0.5;\"><\/div>\n        <\/div>\n      <\/div>\n    <\/div>\n    <!---->\n    <div class=\"h-section-grid-container h-section-boxed-container\">\n      <!---->\n      <div data-colibri-id=\"18-c29\" class=\"h-row-container gutters-row-lg-2 gutters-row-md-2 gutters-row-2 gutters-row-v-lg-2 gutters-row-v-md-2 gutters-row-v-2 style-324 style-local-18-c29 position-relative\">\n        <!---->\n        <div class=\"h-row justify-content-lg-center justify-content-md-center justify-content-center align-items-lg-stretch align-items-md-stretch align-items-stretch gutters-col-lg-2 gutters-col-md-2 gutters-col-2 gutters-col-v-lg-2 gutters-col-v-md-2 gutters-col-v-2\">\n          <!---->\n          <div class=\"h-column h-column-container d-flex h-col-lg-auto h-col-md-auto h-col-auto style-325-outer style-local-18-c30-outer\">\n            <div data-colibri-id=\"18-c30\" class=\"d-flex h-flex-basis h-column__inner h-px-lg-0 h-px-md-0 h-px-0 v-inner-lg-0 v-inner-md-0 v-inner-0 style-325 style-local-18-c30 position-relative\">\n              <!---->\n              <!---->\n              <div class=\"w-100 h-y-container h-column__content h-column__v-align flex-basis-100 align-self-lg-start align-self-md-start align-self-start\">\n                <!---->\n                <div data-colibri-id=\"18-c31\" class=\"h-row-container gutters-row-lg-0 gutters-row-md-0 gutters-row-0 gutters-row-v-lg-0 gutters-row-v-md-0 gutters-row-v-0 style-326 style-local-18-c31 position-relative\">\n                  <!---->\n                  <div class=\"h-row justify-content-lg-center justify-content-md-center justify-content-center align-items-lg-stretch align-items-md-stretch align-items-stretch gutters-col-lg-0 gutters-col-md-0 gutters-col-0 gutters-col-v-lg-0 gutters-col-v-md-0 gutters-col-v-0\">\n                    <!---->\n                    <div class=\"h-column h-column-container d-flex h-col-lg-auto h-col-md-auto h-col-auto style-327-outer style-local-18-c32-outer\">\n                      <div data-colibri-id=\"18-c32\" class=\"d-flex h-flex-basis h-column__inner h-px-lg-0 h-px-md-0 h-px-0 v-inner-lg-0 v-inner-md-0 v-inner-0 style-327 style-local-18-c32 position-relative\">\n                        <!---->\n                        <!---->\n                        <div class=\"w-100 h-y-container h-column__content h-column__v-align flex-basis-100 align-self-lg-center align-self-md-center align-self-center\">\n                          <!---->\n                          <div data-colibri-id=\"18-c33\" class=\"h-global-transition-all h-heading style-328 style-local-18-c33 position-relative h-element\">\n                            <!---->\n                            <div class=\"h-heading__outer style-328 style-local-18-c33\">\n                              <!---->\n                              <!---->\n                              <h4 class=\"\">CONTACTO<\/h4>\n                            <\/div>\n                          <\/div>\n                          <div data-colibri-id=\"18-c34\" class=\"h-icon style-329 style-local-18-c34 position-relative h-element\">\n                            <!----><span class=\"h-svg-icon h-icon__icon style-329-icon style-local-18-c34-icon\"><!--Icon by Font Awesome (https:\/\/fontawesome.com)-->\n    <svg version=\"1.1\" xmlns=\"http:\/\/www.w3.org\/2000\/svg\" xmlns:xlink=\"http:\/\/www.w3.org\/1999\/xlink\" id=\"user\" viewBox=\"0 0 1354.8114 1896.0833\">\n      <path d=\"M1280 1399q0 109-62.5 187t-150.5 78H213q-88 0-150.5-78T0 1399q0-85 8.5-160.5t31.5-152 58.5-131 94-89T327 832q131 128 313 128t313-128q76 0 134.5 34.5t94 89 58.5 131 31.5 152 8.5 160.5zm-256-887q0 159-112.5 271.5T640 896 368.5 783.5 256 512t112.5-271.5T640 128t271.5 112.5T1024 512z\"><\/path>\n    <\/svg><\/span><\/div>\n                          <div data-colibri-id=\"18-c35\" class=\"h-global-transition-all h-heading style-330 style-local-18-c35 position-relative h-element\">\n                            <!---->\n                            <div class=\"h-heading__outer style-330 style-local-18-c35\">\n                              <!---->\n                              <!---->\n                              <h5 class=\"\">TORRESPARDO\n                                <br>Esther Torres\n                                <br><span class=\"fancy-title-headline d-inline-flex\"><span class=\"text-wrapper-fancy\"><span class=\"text-animation-fancy\">e.torres@torrespardo.com<\/span>\n                                <svg xmlns=\"http:\/\/www.w3.org\/2000\/svg\" viewBox=\"0 0 500 150\" preserveAspectRatio=\"none\">\n                                  <path d=\"M3,146.1c17.1-8.8,33.5-17.8,51.4-17.8c15.6,0,17.1,18.1,30.2,18.1c22.9,0,36-18.6,53.9-18.6 c17.1,0,21.3,18.5,37.5,18.5c21.3,0,31.8-18.6,49-18.6c22.1,0,18.8,18.8,36.8,18.8c18.8,0,37.5-18.6,49-18.6c20.4,0,17.1,19,36.8,19 c22.9,0,36.8-20.6,54.7-18.6c17.7,1.4,7.1,19.5,33.5,18.8c17.1,0,47.2-6.5,61.1-15.6\"><\/path>\n                                <\/svg>\n                                <\/span>\n                                <\/span>\n                              <\/h5>\n                            <\/div>\n                          <\/div>\n                        <\/div>\n                      <\/div>\n                    <\/div>\n                    <div class=\"h-column h-column-container d-flex h-col-lg-auto h-col-md-auto h-col-auto style-332-outer style-local-18-c36-outer\">\n                      <div data-colibri-id=\"18-c36\" class=\"d-flex h-flex-basis h-column__inner h-ui-empty-state-container h-px-lg-0 h-px-md-0 h-px-0 v-inner-lg-0 v-inner-md-0 v-inner-0 style-332 style-local-18-c36 position-relative\">\n                        <!---->\n                        <!---->\n                        <div class=\"w-100 h-y-container h-column__content h-column__v-align flex-basis-100\">\n                          <!---->\n                        <\/div>\n                      <\/div>\n                    <\/div>\n                  <\/div>\n                <\/div>\n              <\/div>\n            <\/div>\n          <\/div>\n        <\/div>\n      <\/div>\n    <\/div>\n  <\/div>\n<\/div>","protected":false},"excerpt":{"rendered":"<p>PROGRAMA CIENT\u00cdFICO 27 congreso secca PROGRAMA CIENT\u00cdFICO I CURSO ENFERMER\u00cdA PREMIOS SEDE DEL CONGRESO Meli\u00e1&nbsp;Sitges Calle de Joan Salvat Papasseit, 38 &#8211; Sitges \u2022 Barcelona M\u00e1s informaci\u00f3n CONTACTO TORRESPARDO Esther Torres e.torres@torrespardo.com<\/p>\n","protected":false},"author":1,"featured_media":0,"parent":0,"menu_order":0,"comment_status":"closed","ping_status":"closed","template":"page-templates\/homepage.php","meta":{"footnotes":""},"class_list":["post-18","page","type-page","status-publish","hentry"],"_links":{"self":[{"href":"https:\/\/congresos-secca.com\/index.php?rest_route=\/wp\/v2\/pages\/18","targetHints":{"allow":["GET"]}}],"collection":[{"href":"https:\/\/congresos-secca.com\/index.php?rest_route=\/wp\/v2\/pages"}],"about":[{"href":"https:\/\/congresos-secca.com\/index.php?rest_route=\/wp\/v2\/types\/page"}],"author":[{"embeddable":true,"href":"https:\/\/congresos-secca.com\/index.php?rest_route=\/wp\/v2\/users\/1"}],"replies":[{"embeddable":true,"href":"https:\/\/congresos-secca.com\/index.php?rest_route=%2Fwp%2Fv2%2Fcomments&post=18"}],"version-history":[{"count":20,"href":"https:\/\/congresos-secca.com\/index.php?rest_route=\/wp\/v2\/pages\/18\/revisions"}],"predecessor-version":[{"id":6096,"href":"https:\/\/congresos-secca.com\/index.php?rest_route=\/wp\/v2\/pages\/18\/revisions\/6096"}],"wp:attachment":[{"href":"https:\/\/congresos-secca.com\/index.php?rest_route=%2Fwp%2Fv2%2Fmedia&parent=18"}],"curies":[{"name":"wp","href":"https:\/\/api.w.org\/{rel}","templated":true}]}}