{"id":5695,"date":"2026-01-08T14:22:41","date_gmt":"2026-01-08T14:22:41","guid":{"rendered":"https:\/\/congresos-secca.com\/?page_id=5695"},"modified":"2026-01-12T08:47:27","modified_gmt":"2026-01-12T08:47:27","slug":"bienvenida-3","status":"publish","type":"page","link":"http:\/\/congresos-secca.com\/?page_id=5695","title":{"rendered":"Bienvenida"},"content":{"rendered":"\n<p>Estimados\/as colegas y socios de SECCA,<\/p>\n\n\n\n<p><br>Es para nosotros un gran honor dirigirnos a ustedes con motivo de la celebraci\u00f3n del XXVII Congreso de la Sociedad Espa\u00f1ola de Cirug\u00eda de Cadera (SECCA), que tendr\u00e1 lugar los d\u00edas <strong>21 y 22 de mayo de 2026 <\/strong>en la emblem\u00e1tica localidad de Sitges (Barcelona).<br><\/p>\n\n\n\n<p>La sede elegida para esta edici\u00f3n ser\u00e1 el <strong>Hotel Meli\u00e1 Sitges<\/strong>, una elecci\u00f3n que no es casual. Se trata de la tercera ocasi\u00f3n en la historia de nuestra Sociedad en la que regresamos a este enclave, tras el excelente recuerdo y los resultados cient\u00edficos y organizativos de los congresos previos, celebrados en junio de 2018 y 2002. Esta continuidad refuerza la confianza en un entorno sobradamente contrastado, funcional y de m\u00e1ximo nivel para el desarrollo de nuestro encuentro cient\u00edfico.<br><\/p>\n\n\n\n<p><strong>Sitges posee una larga tradici\u00f3n como ciudad abierta al intercambio cultural, cient\u00edfico y art\u00edstico<\/strong>, que se remonta a finales del siglo XIX y principios del XX, cuando el modernismo la consolid\u00f3 como punto de encuentro de intelectuales, artistas y pensadores. Desde entonces, la villa ha sabido mantener y proyectar esa vocaci\u00f3n de di\u00e1logo, innovaci\u00f3n y acogida de eventos de relevancia nacional e internacional, convirti\u00e9ndose en un marco id\u00f3neo para el intercambio de conocimiento y la colaboraci\u00f3n profesional.<br><\/p>\n\n\n\n<p>Bajo este inigualable marco mediterr\u00e1neo, el Congreso SECCA 2026 aspira a combinar excelencia cient\u00edfica, debate riguroso y convivencia profesional. <strong>El programa cient\u00edfico abordar\u00e1 las \u00faltimas innovaciones y avances en cirug\u00eda de cadera y, como novedad, se complementar\u00e1 por primera vez con el I Curso de Enfermer\u00eda de Cirug\u00eda de Cadera.<\/strong><br><\/p>\n\n\n\n<p><strong>Les animamos encarecidamente a reservar estas fechas y a participar activamente en el Congreso<\/strong>, ya sea mediante la presentaci\u00f3n de comunicaciones cient\u00edficas o asistiendo a las distintas sesiones, con el objetivo com\u00fan de hacer de este encuentro un evento cient\u00edficamente s\u00f3lido y memorable.<br><\/p>\n\n\n\n<p>Para m\u00e1s informaci\u00f3n sobre el programa y los detalles de inscripci\u00f3n, podr\u00e1n consultar pr\u00f3ximamente la secci\u00f3n de noticias de la Sociedad Espa\u00f1ola de Cirug\u00eda de Cadera.<br><\/p>\n\n\n\n<p>En nombre del Comit\u00e9 Organizador, reciban un cordial saludo y nuestro sincero deseo de reencontrarnos con todos ustedes en Sitges.<\/p>\n\n\n\n<p><\/p>\n\n\n\n<p><strong>Jenaro Fern\u00e1ndez Valencia Laborde<br>Fernando Marqu\u00e9s L\u00f3pez<\/strong><\/p>\n\n\n\n<p class=\"has-colibri-color-2-color has-text-color has-link-color wp-elements-0b366aa23c9b2a29722f316dda14f843\"><strong>Presidentes del XXVII Congreso SECCA<\/strong><\/p>\n","protected":false},"excerpt":{"rendered":"<p>Estimados\/as colegas y socios de SECCA, Es para nosotros un gran honor dirigirnos a ustedes con motivo de la celebraci\u00f3n del XXVII Congreso de la Sociedad Espa\u00f1ola de Cirug\u00eda de Cadera (SECCA), que tendr\u00e1 lugar los d\u00edas 21 y 22 de mayo de 2026 en la emblem\u00e1tica localidad de Sitges (Barcelona). La sede elegida para [&hellip;]<\/p>\n","protected":false},"author":1,"featured_media":0,"parent":0,"menu_order":0,"comment_status":"closed","ping_status":"closed","template":"","meta":{"footnotes":""},"class_list":["post-5695","page","type-page","status-publish","hentry"],"_links":{"self":[{"href":"http:\/\/congresos-secca.com\/index.php?rest_route=\/wp\/v2\/pages\/5695","targetHints":{"allow":["GET"]}}],"collection":[{"href":"http:\/\/congresos-secca.com\/index.php?rest_route=\/wp\/v2\/pages"}],"about":[{"href":"http:\/\/congresos-secca.com\/index.php?rest_route=\/wp\/v2\/types\/page"}],"author":[{"embeddable":true,"href":"http:\/\/congresos-secca.com\/index.php?rest_route=\/wp\/v2\/users\/1"}],"replies":[{"embeddable":true,"href":"http:\/\/congresos-secca.com\/index.php?rest_route=%2Fwp%2Fv2%2Fcomments&post=5695"}],"version-history":[{"count":3,"href":"http:\/\/congresos-secca.com\/index.php?rest_route=\/wp\/v2\/pages\/5695\/revisions"}],"predecessor-version":[{"id":5741,"href":"http:\/\/congresos-secca.com\/index.php?rest_route=\/wp\/v2\/pages\/5695\/revisions\/5741"}],"wp:attachment":[{"href":"http:\/\/congresos-secca.com\/index.php?rest_route=%2Fwp%2Fv2%2Fmedia&parent=5695"}],"curies":[{"name":"wp","href":"https:\/\/api.w.org\/{rel}","templated":true}]}}